{"id":336,"date":"2021-08-04T15:37:02","date_gmt":"2021-08-04T15:37:02","guid":{"rendered":"https:\/\/dex-sinis.netzhautflimmern.ch\/?page_id=336"},"modified":"2023-08-07T08:48:12","modified_gmt":"2023-08-07T08:48:12","slug":"impressum","status":"publish","type":"page","link":"https:\/\/dex-sinis.ch\/index.php\/impressum\/","title":{"rendered":"Impressum"},"content":{"rendered":"\t\t<div data-elementor-type=\"wp-page\" data-elementor-id=\"336\" class=\"elementor elementor-336\" data-elementor-post-type=\"page\">\n\t\t\t\t\t\t<section class=\"elementor-section elementor-top-section elementor-element elementor-element-615df47 elementor-section-boxed ang-section-padding-initial elementor-section-height-default elementor-section-height-default elementor-repeater-item-none elementor-repeater-item-none_hover\" data-id=\"615df47\" data-element_type=\"section\" data-e-type=\"section\">\n\t\t\t\t\t\t<div class=\"elementor-container elementor-column-gap-default\">\n\t\t\t\t\t<div class=\"elementor-column elementor-col-100 elementor-top-column elementor-element elementor-element-a912ba7 elementor-repeater-item-none elementor-repeater-item-none_hover\" data-id=\"a912ba7\" data-element_type=\"column\" data-e-type=\"column\">\n\t\t\t<div class=\"elementor-widget-wrap elementor-element-populated\">\n\t\t\t\t\t\t<div class=\"elementor-element elementor-element-c491eaa elementor-repeater-item-none elementor-repeater-item-none_hover elementor-widget elementor-widget-heading\" data-id=\"c491eaa\" data-element_type=\"widget\" data-e-type=\"widget\" data-widget_type=\"heading.default\">\n\t\t\t\t<div class=\"elementor-widget-container\">\n\t\t\t\t\t<h2 class=\"elementor-heading-title elementor-size-default\">Impressum &amp; Datenschutz<\/h2>\t\t\t\t<\/div>\n\t\t\t\t<\/div>\n\t\t\t\t<div class=\"elementor-element elementor-element-d43d782 elementor-repeater-item-none elementor-repeater-item-none_hover elementor-widget elementor-widget-text-editor\" data-id=\"d43d782\" data-element_type=\"widget\" data-e-type=\"widget\" data-widget_type=\"text-editor.default\">\n\t\t\t\t<div class=\"elementor-widget-container\">\n\t\t\t\t\t\t\t\t\t<p><strong>Kontakt-Adresse<\/strong><\/p><p>Dex &amp; Sinis AG<br \/>Freiestrasse 119<br \/>8032 Z\u00fcrich<br \/>Schweiz<\/p><p>E-Mail:<br \/>contact@dex-sinis.ch<\/p><p><strong>Vertretungsberechtigte Person(en)<\/strong><\/p><p>Samuel Hangartner, Inhaber<br \/>Corinne Trudel, Inhaberin<\/p><p><strong>Handelsregister-Eintrag<\/strong><\/p><p>Eingetragener Firmenname:<br \/><strong>Dex &amp; Sinis AG<\/strong><\/p><p>Unternehmens-Nr (UID):<br \/><strong>CHE-234.606.561<\/strong><\/p><p>Mehrwertsteuer-Nummer<br \/><strong>CHE-234.606.561 MWST<\/strong><\/p><p><strong>Haftungsausschluss<\/strong><\/p><p>Der Autor \u00fcbernimmt keinerlei Gew\u00e4hr hinsichtlich der inhaltlichen Richtigkeit, Genauigkeit, Aktualit\u00e4t, Zuverl\u00e4ssigkeit und Vollst\u00e4ndigkeit der Informationen.<\/p><p>Haftungsanspr\u00fcche gegen den Autor wegen Sch\u00e4den materieller oder immaterieller Art, welche aus dem Zugriff oder der Nutzung bzw. Nichtnutzung der ver\u00f6ffentlichten Informationen, durch Missbrauch der Verbindung oder durch technische St\u00f6rungen entstanden sind, werden ausgeschlossen.<\/p><p>Alle Angebote sind unverbindlich. Der Autor beh\u00e4lt es sich ausdr\u00fccklich vor, Teile der Seiten oder das gesamte Angebot ohne besondere Ank\u00fcndigung zu ver\u00e4ndern, zu erg\u00e4nzen, zu l\u00f6schen oder die Ver\u00f6ffentlichung zeitweise oder endg\u00fcltig einzustellen.<\/p><p><strong>Haftungsausschluss f\u00fcr Links<\/strong><\/p><p>Verweise und Links auf Webseiten Dritter liegen ausserhalb unseres Verantwortungsbereichs. Es wird jegliche Verantwortung f\u00fcr solche Webseiten abgelehnt. Der Zugriff und die Nutzung solcher Webseiten erfolgen auf eigene Gefahr des jeweiligen Nutzers.<\/p><p><strong>Urheberrechte<\/strong><\/p><p>Die Urheber- und alle anderen Rechte an Inhalten, Bildern, Fotos oder anderen Dateien auf dieser Website, geh\u00f6ren ausschliesslich <strong>der Firma Dex &amp; Sinis AG<\/strong> oder den speziell genannten Rechteinhabern. F\u00fcr die Reproduktion jeglicher Elemente ist die schriftliche Zustimmung des Urheberrechtstr\u00e4gers im Voraus einzuholen.<\/p><p><!--ACHTUNG: Wenn Sie die Quelle ohne Erlaubnis von SwissAnwalt entfernen, dann begehen Sie eine Urheberrechtsverletzung welche in jedem Fall geahndet wird.-->Quelle: <a href=\"https:\/\/www.swissanwalt.ch\" target=\"_blank\" rel=\"noopener\">SwissAnwalt<\/a><!--Bitte beachten Sie die AGB von SwissAnwalt betreffend allf&auml;llig anfallenden Kosten bei Weglassen der Quelle!--><\/p><p><b><\/b><br \/>Dex &amp; Sinis AG<br \/>Freiestrasse 119<br \/>8032 Z\u00fcrich<br \/>Schweiz<br \/><strong>E-Mail<\/strong>: contact@dex-sinis.ch<\/p><p><strong>Vertretungsberechtigte Personen<\/strong><br \/>Samuel Hangartner<\/p><p><strong>Name des Unternehmens<\/strong>: Dex &amp; Sinis AG<\/p><p><strong>Datenschutzbeauftragte Person:<\/strong><br \/>Samuel Hangartner<br \/>+41435436300<br \/>contact@dex-sinis.ch<\/p><p><strong>Cookies<\/strong><br \/>Diese Website verwendet Cookies. Dabei handelt es sich um kleine Textdateien, die es erm\u00f6glichen, spezifische, auf den Nutzer bezogene Informationen auf dem Endger\u00e4t des Nutzers zu speichern, w\u00e4hrend der Nutzer die Website nutzt. Cookies erm\u00f6glichen es insbesondere, die Nutzungsh\u00e4ufigkeit und die Anzahl der Nutzer der Seiten zu ermitteln, Verhaltensmuster der Seitennutzung zu analysieren, aber auch, unser Angebot kundenfreundlicher zu gestalten. Cookies bleiben \u00fcber das Ende einer Browser-Sitzung hinaus gespeichert und k\u00f6nnen bei einem erneuten Besuch der Seite wieder abgerufen werden. Wenn Sie dies nicht w\u00fcnschen, sollten Sie Ihren Internet-Browser so einstellen, dass er die Annahme von Cookies verweigert.<\/p><p>Ein genereller Widerspruch gegen die Verwendung von Cookies zu Online-Marketing-Zwecken kann f\u00fcr eine Vielzahl der Dienste, insbesondere beim Tracking, \u00fcber die US-Seite http:\/\/www.aboutads.info\/choices\/ oder die EU-Seite http:\/\/www.youronlinechoices.com\/ erkl\u00e4rt werden. Dar\u00fcber hinaus kann die Speicherung von Cookies durch Deaktivierung in den Browsereinstellungen erreicht werden. Bitte beachten Sie, dass in diesem Fall nicht alle Funktionen dieses Online-Angebots genutzt werden k\u00f6nnen.<\/p><p><strong>Google Maps<\/strong><br \/>Diese Website nutzt das Angebot von Google Maps. Dies erm\u00f6glicht es uns, interaktive Karten direkt auf der Website darzustellen und Ihnen die komfortable Nutzung der Kartenfunktion zu erm\u00f6glichen. Durch den Besuch der Website erh\u00e4lt Google die Information, dass Sie die entsprechende Unterseite unserer Website aufgerufen haben. Dies geschieht unabh\u00e4ngig davon, ob Google ein Nutzerkonto bereitstellt, \u00fcber das Sie eingeloggt sind, oder ob kein Nutzerkonto vorhanden ist. Wenn Sie bei Google eingeloggt sind, werden Ihre Daten direkt Ihrem Konto zugeordnet. Wenn Sie die Zuordnung zu Ihrem Profil bei Google nicht w\u00fcnschen, m\u00fcssen Sie sich vor Aktivierung der Schaltfl\u00e4che ausloggen. Google speichert Ihre Daten als Nutzungsprofile und nutzt sie f\u00fcr Zwecke der Werbung, Marktforschung und\/oder bedarfsgerechten Gestaltung seiner Website. Eine solche Auswertung erfolgt insbesondere (auch f\u00fcr nicht eingeloggte Nutzer) zur Erbringung bedarfsgerechter Werbung und um andere Nutzer des sozialen Netzwerks \u00fcber Ihre Aktivit\u00e4ten auf unserer Website zu informieren. Sie haben das Recht, der Erstellung dieser Nutzerprofile zu widersprechen, wobei Sie sich zur Aus\u00fcbung dieses Rechts an Google wenden m\u00fcssen. N\u00e4here Informationen zu Zweck und Umfang der Datenerhebung und -verarbeitung durch Google sowie weitere Informationen zu Ihren diesbez\u00fcglichen Rechten und Einstellungsm\u00f6glichkeiten zum Schutz Ihrer Privatsph\u00e4re finden Sie unter: www.google.de\/intl\/de\/policies\/privacy.<\/p><p><strong>Newsletter versenden &#8211; Mailchimp<\/strong><br \/>Der Versand des Newsletters erfolgt \u00fcber den Versanddienstleister &#8218;MailChimp&#8216;, eine Newsletter-Versandplattform des US-Anbieters Rocket Science Group, LLC, 675 Ponce De Leon Ave NE #5000, Atlanta, GA 30308, USA. Die Datenschutzbestimmungen des Versanddienstleisters k\u00f6nnen Sie hier einsehen. Die Rocket Science Group LLC d\/b\/a MailChimp ist unter dem Privacy-Shield-Abkommen zertifiziert und bietet damit eine Garantie zur Einhaltung des europ\u00e4ischen Datenschutzniveaus (PrivacyShield). Die Nutzung des Versanddienstleisters erfolgt auf Grundlage unserer berechtigten Interessen gem. Art. 6 Abs.. 1 lit. f DSGVO und einer Auftragsverarbeitungsvereinbarung gem\u00e4ss Art. 28 Abs.. 3 S. 1 DSGVO.<\/p><p>Der Versanddienstleister darf die Daten der Empf\u00e4nger in pseudonymer Form, d.h. ohne Zuordnung zu einem Nutzer, zur Optimierung oder Verbesserung der eigenen Dienste, z.B. zur technischen Optimierung des Versandes und der Darstellung der Newsletter oder zu statistischen Zwecken verwenden. Der Versanddienstleister nutzt die Daten unserer Newsletter-Empf\u00e4nger jedoch nicht, um diese selbst anzuschreiben oder an Dritte weiterzugeben.<\/p><p><strong>Haftungsausschluss<\/strong><br \/>Der Autor \u00fcbernimmt keine Gew\u00e4hr f\u00fcr die Richtigkeit, Genauigkeit, Aktualit\u00e4t, Zuverl\u00e4ssigkeit und Vollst\u00e4ndigkeit der Informationen.<br \/>Haftungsanspr\u00fcche gegen den Autor wegen Sch\u00e4den materieller oder immaterieller Art, die aus dem Zugriff oder der Nutzung bzw. Nichtnutzung der ver\u00f6ffentlichten Informationen, durch Missbrauch der Verbindung oder durch technische St\u00f6rungen entstanden sind, werden ausgeschlossen.<\/p><p>Alle Angebote sind freibleibend. Der Autor beh\u00e4lt es sich ausdr\u00fccklich vor, Teile der Seiten oder das gesamte Angebot ohne gesonderte Ank\u00fcndigung zu ver\u00e4ndern, zu erg\u00e4nzen, zu l\u00f6schen oder die Ver\u00f6ffentlichung zeitweise oder endg\u00fcltig einzustellen.<\/p><p><strong>Quelle<\/strong>: <a style=\"color: inherit; text-decoration: none;\" href=\"https:\/\/brainbox.swiss\/\">BrainBox Solutions<\/a><\/p>\t\t\t\t\t\t\t\t<\/div>\n\t\t\t\t<\/div>\n\t\t\t\t\t<\/div>\n\t\t<\/div>\n\t\t\t\t\t<\/div>\n\t\t<\/section>\n\t\t\t\t<\/div>\n\t\t","protected":false},"excerpt":{"rendered":"<p>Impressum &#038; Datenschutz Kontakt-Adresse Dex &amp; Sinis AGFreiestrasse 1198032 Z\u00fcrichSchweiz E-Mail:contact@dex-sinis.ch Vertretungsberechtigte Person(en) Samuel Hangartner, InhaberCorinne Trudel, Inhaberin Handelsregister-Eintrag Eingetragener Firmenname:Dex &amp; Sinis AG Unternehmens-Nr (UID):CHE-234.606.561 Mehrwertsteuer-NummerCHE-234.606.561 MWST Haftungsausschluss Der Autor \u00fcbernimmt keinerlei Gew\u00e4hr hinsichtlich der inhaltlichen Richtigkeit, Genauigkeit, Aktualit\u00e4t, Zuverl\u00e4ssigkeit und Vollst\u00e4ndigkeit der Informationen. Haftungsanspr\u00fcche gegen den Autor wegen Sch\u00e4den materieller oder immaterieller Art, [&hellip;]<\/p>\n","protected":false},"author":1,"featured_media":0,"parent":0,"menu_order":0,"comment_status":"closed","ping_status":"closed","template":"elementor_canvas","meta":{"footnotes":""},"class_list":["post-336","page","type-page","status-publish","hentry"],"_links":{"self":[{"href":"https:\/\/dex-sinis.ch\/index.php\/wp-json\/wp\/v2\/pages\/336","targetHints":{"allow":["GET"]}}],"collection":[{"href":"https:\/\/dex-sinis.ch\/index.php\/wp-json\/wp\/v2\/pages"}],"about":[{"href":"https:\/\/dex-sinis.ch\/index.php\/wp-json\/wp\/v2\/types\/page"}],"author":[{"embeddable":true,"href":"https:\/\/dex-sinis.ch\/index.php\/wp-json\/wp\/v2\/users\/1"}],"replies":[{"embeddable":true,"href":"https:\/\/dex-sinis.ch\/index.php\/wp-json\/wp\/v2\/comments?post=336"}],"version-history":[{"count":17,"href":"https:\/\/dex-sinis.ch\/index.php\/wp-json\/wp\/v2\/pages\/336\/revisions"}],"predecessor-version":[{"id":526,"href":"https:\/\/dex-sinis.ch\/index.php\/wp-json\/wp\/v2\/pages\/336\/revisions\/526"}],"wp:attachment":[{"href":"https:\/\/dex-sinis.ch\/index.php\/wp-json\/wp\/v2\/media?parent=336"}],"curies":[{"name":"wp","href":"https:\/\/api.w.org\/{rel}","templated":true}]}}